{"id":2323,"date":"2019-07-30T13:48:55","date_gmt":"2019-07-30T12:48:55","guid":{"rendered":"https:\/\/apweb.space\/Blog\/?page_id=2323"},"modified":"2019-07-30T13:48:56","modified_gmt":"2019-07-30T12:48:56","slug":"brasserie-de-nouvelle-aquitaine","status":"publish","type":"page","link":"https:\/\/apweb.space\/Blog\/bierologie\/brasseries-de-france\/brasserie-de-nouvelle-aquitaine\/","title":{"rendered":"Brasserie de Nouvelle-Aquitaine"},"content":{"rendered":"\n<p> <div class=\"w2dc-content\">\r\n\t<script>\r\n\t\tw2dc_map_markers_attrs_array.push(new w2dc_map_markers_attrs('7b6aa32ffa1ec6ed90c948d323f7807c', eval([[\"2536\",\"49.392956\",\"0.296566\",\"w2dc-fa-close\",\"#1e73be\",\"11\",\"Brasserie Caval\",\"https:\\\/\\\/apweb.space\\\/Blog\\\/wp-content\\\/uploads\\\/2018\\\/11\\\/Brasserie-Caval-300x112.jpg\",\"https:\\\/\\\/apweb.space\\\/Blog\\\/bierologie\\\/brasseries\\\/brasserie-caval\\\/\",\"<div class=\\\"w2dc-map-info-window\\\">\\r\\n\\t<div class=\\\"w2dc-map-info-window-inner\\\">\\r\\n\\t\\t<div class=\\\"w2dc-map-info-window-inner-item\\\">\\r\\n\\t\\t\\t<div class=\\\"w2dc-map-info-window-title\\\">\\r\\n\\t\\t\\t\\t\\t\\t\\t\\t<a class=\\\"w2dc-map-info-window-title-link\\\" href=\\\"https:\\\/\\\/apweb.space\\\/Blog\\\/bierologie\\\/brasseries\\\/brasserie-caval\\\/\\\" >\\r\\n\\t\\t\\t\\t\\tBrasserie Caval\\t\\t\\t\\t<\\\/a>\\r\\n\\t\\t\\t\\t\\t\\t\\t\\t<span class=\\\"w2dc-close-info-window w2dc-fa w2dc-fa-close\\\" onclick=\\\"w2dc_closeInfoWindow(&quot;7b6aa32ffa1ec6ed90c948d323f7807c&quot;);\\\"><\\\/span>\\r\\n\\t\\t\\t<\\\/div>\\r\\n\\t\\t\\t\\t\\t\\t<div class=\\\"w2dc-map-info-window-logo\\\" style=\\\"width: 120px; min-height: 110px\\\">\\r\\n\\t\\t\\t\\t\\t\\t\\t\\t<a href=\\\"https:\\\/\\\/apweb.space\\\/Blog\\\/bierologie\\\/brasseries\\\/brasserie-caval\\\/\\\">\\r\\n\\t\\t\\t\\t\\t<img src=\\\"https:\\\/\\\/apweb.space\\\/Blog\\\/wp-content\\\/uploads\\\/2018\\\/11\\\/Brasserie-Caval-300x112.jpg\\\" width=\\\"110px\\\">\\r\\n\\t\\t\\t\\t<\\\/a>\\r\\n\\t\\t\\t\\t\\t\\t\\t<\\\/div>\\r\\n\\t\\t\\t\\t\\t\\t\\t\\t\\t<div class=\\\"w2dc-map-info-window-content w2dc-clearfix\\\">\\r\\n\\t\\t\\t\\t\\t\\t\\t\\t\\t\\t\\t\\t<div class=\\\"w2dc-map-info-window-field\\\">\\r\\n\\t\\t\\t\\t\\t\\t\\t\\t\\t\\t<div class=\\\"w2dc-rating\\\" >\\n\\t\\t\\t<span class=\\\"w2dc-rating-avgvalue\\\">\\n\\t\\t<span>5.0<\\\/span>\\n\\t<\\\/span>\\n\\t\\t<div class=\\\"w2dc-rating-stars  \\\" data-listing=\\\"246\\\" data-nonce=\\\"f28d2c43d6\\\">\\n\\t\\t<label class=\\\"w2dc-rating-icon w2dc-fa w2dc-fa-star\\\" for=\\\"star-rating-5-246\\\" data-rating=\\\"5\\\"><\\\/label>\\n\\t\\t<label class=\\\"w2dc-rating-icon w2dc-fa w2dc-fa-star\\\" for=\\\"star-rating-4-246\\\" data-rating=\\\"4\\\"><\\\/label>\\n\\t\\t<label class=\\\"w2dc-rating-icon w2dc-fa w2dc-fa-star\\\" for=\\\"star-rating-3-246\\\" data-rating=\\\"3\\\"><\\\/label>\\n\\t\\t<label class=\\\"w2dc-rating-icon w2dc-fa w2dc-fa-star\\\" for=\\\"star-rating-2-246\\\" data-rating=\\\"2\\\"><\\\/label>\\n\\t\\t<label class=\\\"w2dc-rating-icon w2dc-fa w2dc-fa-star\\\" for=\\\"star-rating-1-246\\\" data-rating=\\\"1\\\"><\\\/label>\\n\\t\\t\\t<\\\/div>\\n<\\\/div>\\t\\t\\t\\t<\\\/div>\\r\\n\\t\\t\\t\\t\\t\\t\\t\\t\\t\\t\\t\\t\\t\\t\\t\\t<div class=\\\"w2dc-map-info-window-field\\\">\\r\\n\\t\\t\\t\\t\\t\\t\\t\\t\\t\\t<span class=\\\"w2dc-map-field-icon w2dc-fa w2dc-fa-map-marker\\\"><\\\/span>\\r\\n\\t\\t\\t\\t\\t\\t\\t\\t\\t\\t<span itemprop=\\\"streetAddress\\\">Za Le Plateau LA FOSSERIE<\\\/span>, <span itemprop=\\\"postalCode\\\">14600<\\\/span> <span itemprop=\\\"addressLocality\\\">Ablon, Calvados, Normandie, France<\\\/span>\\t\\t\\t\\t<\\\/div>\\r\\n\\t\\t\\t\\t\\t\\t\\t\\t\\t\\t\\t\\t\\t\\t\\t\\t\\t\\t\\t\\t\\t\\t\\t\\t\\t\\t\\t<\\\/div>\\r\\n\\t\\t\\t\\t\\t\\t\\t\\t\\t\\t\\t\\t<div class=\\\"w2dc-map-info-window-buttons-single w2dc-clearfix\\\">\\r\\n\\t\\t\\t\\t\\t\\t\\t\\t\\t\\t\\t\\t<a href=\\\"https:\\\/\\\/apweb.space\\\/Blog\\\/bierologie\\\/brasseries\\\/brasserie-caval\\\/\\\" class=\\\"w2dc-btn w2dc-btn-primary w2dc-scroll-to-listing w2dc-info-window-readmore-button\\\">Read more \\u00bb<\\\/a>\\r\\n\\t\\t\\t\\t\\t\\t\\t<\\\/div>\\r\\n\\t\\t\\t\\t\\t<\\\/div>\\r\\n\\t<\\\/div>\\r\\n\\t\\r\\n\\t<\\\/div>\",\"post-246\",0]]), 1, 0, 0, 1, 0, 'mapbox:\/\/styles\/mapbox\/standard', 1, 1, 1, 0, 0, 1, 1, {\"custom_home\":0,\"how_to_load\":\"for_map\",\"num\":\"-1\",\"map_markers_is_limit\":1,\"width\":\"\",\"height\":400,\"radius_circle\":1,\"clusters\":0,\"sticky_scroll\":0,\"sticky_scroll_toppadding\":0,\"show_summary_button\":0,\"show_readmore_button\":1,\"sticky_featured\":0,\"ajax_map_loading\":0,\"ajax_markers_loading\":0,\"geolocation\":0,\"start_address\":\"\",\"start_latitude\":\"\",\"start_longitude\":\"\",\"start_zoom\":0,\"min_zoom\":0,\"max_zoom\":0,\"enable_infowindow\":1,\"close_infowindow_out_click\":1,\"map_style\":\"default\",\"include_categories_children\":\"3\",\"search_on_map\":0,\"search_on_map_id\":\"3584\",\"search_on_map_open\":0,\"search_on_map_right\":0,\"search_on_map_listings\":\"sidebar\",\"radius\":0,\"draw_panel\":0,\"enable_full_screen\":1,\"enable_wheel_zoom\":1,\"enable_dragging_touchscreens\":1,\"center_map_onclick\":0,\"categories\":\"\",\"locations\":\"nouvelle-aquitaine\",\"tags\":\"\",\"related_directory\":0,\"related_categories\":0,\"related_locations\":0,\"related_tags\":0,\"related_listing\":0,\"ratings\":\"\",\"uid\":null,\"start_listings\":[],\"include_get_params\":1,\"do_not_load_markers\":0}));\r\n\t<\/script>\r\n\r\n\t<div id=\"w2dc-map-wrapper-7b6aa32ffa1ec6ed90c948d323f7807c\" class=\"w2dc-content w2dc-map-wrapper\" style=\" height: 402px;\" data-id=\"7b6aa32ffa1ec6ed90c948d323f7807c\" >\r\n\t\t\t\t\r\n\t\t<div id=\"w2dc-map-canvas-wrapper-7b6aa32ffa1ec6ed90c948d323f7807c\" class=\"w2dc-map-canvas-wrapper\" data-height=\"400\" >\r\n\t\t\t<div id=\"w2dc-map-canvas-7b6aa32ffa1ec6ed90c948d323f7807c\" class=\"w2dc-map-canvas\" data-shortcode-hash=\"7b6aa32ffa1ec6ed90c948d323f7807c\" style=\" height: 400px;\" ><\/div>\r\n\t\t<\/div>\r\n\t\t\r\n\t\t\t<\/div>\r\n\t\r\n\t<\/div>\t\t\t\t<div class=\"w2dc-content w2dc-controller\" id=\"w2dc-controller-9b94b5f156d2991ec0f637f079ecf9a3\" data-controller-hash=\"9b94b5f156d2991ec0f637f079ecf9a3\" >\r\n\t\t\t<style type=\"text\/css\">\r\n\t\t\t\t\t\t\t\t#w2dc-controller-9b94b5f156d2991ec0f637f079ecf9a3 .w2dc-listings-grid .w2dc-listing-logo .w2dc-listing-logo-img-wrap:before {\r\n\t\t\t\t\tpadding-top: 100%;\r\n\t\t\t\t}\r\n\t\t\t\t\t\t\t\t\t\t\t\t#w2dc-controller-9b94b5f156d2991ec0f637f079ecf9a3 .w2dc-listings-block .w2dc-listing-logo .w2dc-listing-logo-img img {\r\n\t\t\t\t\twidth: 290px;\r\n\t\t\t\t}\r\n\t\t\t\t@media screen and (min-width: 769px) {\r\n\t\t\t\t\t\t\t\t\t\t#w2dc-controller-9b94b5f156d2991ec0f637f079ecf9a3 .w2dc-listings-block .w2dc-listing-logo-wrap {\r\n\t\t\t\t\t\twidth: 290px;\r\n\t\t\t\t\t\t\t\t\t\t\t}\r\n\t\t\t\t\t\t\t\t\t\t\t\t\t\t\t#w2dc-controller-9b94b5f156d2991ec0f637f079ecf9a3 .w2dc-listings-block .w2dc-listing-text-content-wrap {\r\n\t\t\t\t\t\t\t\t\t\t\t\tmargin-left: 290px;\r\n\t\t\t\t\t\tmargin-right: 0;\r\n\t\t\t\t\t\t\t\t\t\t\t}\r\n\t\t\t\t\t\t\t\t\t}\r\n\t\t\t\t\t\t\t<\/style>\r\n\t\t\t<script>\r\n\t\t\tw2dc_controller_args_array['9b94b5f156d2991ec0f637f079ecf9a3'] = {\"base_url\":\"https:\\\/\\\/apweb.space\\\/Blog\\\/wp-json\\\/wp\\\/v2\\\/pages\\\/2323\",\"page_url\":\"https:\\\/\\\/apweb.space\\\/Blog\\\/bierologie\\\/brasseries-de-france\\\/brasserie-de-nouvelle-aquitaine\\\/\",\"how_to_load\":\"full\",\"perpage\":\"8\",\"onepage\":0,\"sticky_featured\":0,\"order_by\":\"post_date\",\"order\":\"DESC\",\"hide_order\":0,\"hide_count\":0,\"hide_paginator\":0,\"show_views_switcher\":1,\"listings_view_type\":\"grid\",\"listings_view_grid_columns\":\"4\",\"listing_thumb_width\":290,\"wrap_logo_list_view\":0,\"logo_animation_effect\":1,\"hide_content\":0,\"rating_stars\":1,\"summary_on_logo_hover\":0,\"carousel\":0,\"carousel_show_slides\":4,\"carousel_slide_width\":250,\"carousel_slide_height\":300,\"carousel_full_width\":0,\"paged\":1,\"ajax_initial_load\":0,\"include_categories_children\":\"3\",\"categories\":\"\",\"locations\":\"nouvelle-aquitaine\",\"tags\":\"\",\"levels\":\"\",\"related_directory\":0,\"related_categories\":0,\"related_locations\":0,\"related_tags\":0,\"scrolling_paginator\":0,\"grid_view_logo_ratio\":\"100\",\"ratings\":\"\",\"hide_listings\":0,\"template\":\"frontend\\\/listings_block.tpl.php\",\"uid\":null,\"start_listings\":[],\"include_get_params\":1};\r\n\t\t\t<\/script>\r\n\t\t\t\t\t\t<div class=\"w2dc-container-fluid w2dc-listings-block w2dc-mobile-listings-grid-1 w2dc-listings-grid w2dc-listings-grid-4\">\r\n\t\t\t\t<div class=\"w2dc-row w2dc-visible-search-params\">\r\n\t\t\t\t\t\t\t\t\t<\/div>\r\n\t\t\t\t\t\t\t\t\t\t\t\t<div class=\"w2dc-row w2dc-listings-block-header\">\r\n\t\t\t\t\t\t\t\t\t\t<div class=\"w2dc-found-listings\">\r\n\t\t\t\t\t\tFound <span class=\"w2dc-badge\">1<\/span> listing\t\t\t\t\t<\/div>\r\n\t\t\t\t\t\t\t\r\n\t\t\t\t\t<div class=\"w2dc-listings-options-links\">\r\n\t\t\t\t\t\t\t\t\t\t\t\t\t\t\t\t\t\t\t\t\t\t\t\t<div class=\"w2dc-listings-orderby\">\r\n\t\t\t\t\t\t\t<div class=\"w2dc-listings-orderby-dropbtn w2dc-btn w2dc-btn-primary\">Sort by: <\/div>\r\n\t\t\t\t\t\t\t<div class=\"w2dc-listings-orderby-links-group\" role=\"group\">\r\n\t\t\t\t\t\t\t\t\t\t\t\t\t\t\t\t\t\t\t\t\t\t\t\t<a class=\"w2dc-listings-orderby-link w2dc-btn\" href=\"https:\/\/apweb.space\/Blog\/wp-json\/wp\/v2\/pages\/2323?order_by=title&#038;order=ASC\" data-controller-hash=\"9b94b5f156d2991ec0f637f079ecf9a3\" data-orderby=\"title\" data-order=\"ASC\" rel=\"nofollow\">\r\n\t\t\t\t\t\t\t\t\tFrom A to Z\t\t\t\t\t\t\t\t<\/a>\r\n\t\t\t\t\t\t\t\t\t\t\t\t\t\t\t\t\t\t\t\t\t\t\t\t\t\t\t\t\t\t\t\t<a class=\"w2dc-listings-orderby-link w2dc-btn\" href=\"https:\/\/apweb.space\/Blog\/wp-json\/wp\/v2\/pages\/2323?order_by=title&#038;order=DESC\" data-controller-hash=\"9b94b5f156d2991ec0f637f079ecf9a3\" data-orderby=\"title\" data-order=\"DESC\" rel=\"nofollow\">\r\n\t\t\t\t\t\t\t\t\tFrom Z to A\t\t\t\t\t\t\t\t<\/a>\r\n\t\t\t\t\t\t\t\t\t\t\t\t\t\t\t\t\t\t\t\t\t\t\t\t\t\t\t\t\t\t\t\t<a class=\"w2dc-listings-orderby-link w2dc-btn\" href=\"https:\/\/apweb.space\/Blog\/wp-json\/wp\/v2\/pages\/2323?order_by=annee_de_creation&#038;order=ASC\" data-controller-hash=\"9b94b5f156d2991ec0f637f079ecf9a3\" data-orderby=\"annee_de_creation\" data-order=\"ASC\" rel=\"nofollow\">\r\n\t\t\t\t\t\t\t\t\tAnn\u00e9e de Cr\u00e9ation\t\t\t\t\t\t\t\t<\/a>\r\n\t\t\t\t\t\t\t\t\t\t\t\t\t\t\t\t\t\t\t\t\t\t\t\t\t\t\t\t\t\t\t\t<a class=\"w2dc-listings-orderby-link w2dc-btn\" href=\"https:\/\/apweb.space\/Blog\/wp-json\/wp\/v2\/pages\/2323?order_by=rating_order&#038;order=DESC\" data-controller-hash=\"9b94b5f156d2991ec0f637f079ecf9a3\" data-orderby=\"rating_order\" data-order=\"DESC\" rel=\"nofollow\">\r\n\t\t\t\t\t\t\t\t\tBest rating\t\t\t\t\t\t\t\t<\/a>\r\n\t\t\t\t\t\t\t\t\t\t\t\t\t\t\t\t\t\t\t\t\t\t\t<\/div>\r\n\t\t\t\t\t\t<\/div>\r\n\t\t\t\t\t\t\t\t\t\t\t\t\t\t\t\t\t\t\r\n\t\t\t\t\t\t\t\t\t\t\t\t<div class=\"w2dc-views-links w2dc-pull-right\">\r\n\t\t\t\t\t\t\t<div class=\"w2dc-btn-group\" role=\"group\">\r\n\t\t\t\t\t\t\t\t<a class=\"w2dc-btn w2dc-btn-default w2dc-list-view-btn\" href=\"javascript: void(0);\" title=\"List View\" data-shortcode-hash=\"9b94b5f156d2991ec0f637f079ecf9a3\">\r\n\t\t\t\t\t\t\t\t\t<span class=\"w2dc-glyphicon w2dc-glyphicon-list\" aria-hidden=\"true\"><\/span>\r\n\t\t\t\t\t\t\t\t<\/a>\r\n\t\t\t\t\t\t\t\t<a class=\"w2dc-btn w2dc-btn-primary w2dc-grid-view-btn\" href=\"javascript: void(0);\" title=\"Grid View\" data-shortcode-hash=\"9b94b5f156d2991ec0f637f079ecf9a3\" data-grid-columns=\"4\">\r\n\t\t\t\t\t\t\t\t\t<span class=\"w2dc-glyphicon w2dc-glyphicon-th-large\" aria-hidden=\"true\"><\/span>\r\n\t\t\t\t\t\t\t\t<\/a>\r\n\t\t\t\t\t\t\t<\/div>\r\n\t\t\t\t\t\t<\/div>\r\n\t\t\t\t\t\t\t\t\t\t\t<\/div>\r\n\t\t\t\t<\/div>\r\n\t\t\t\t\t\t\t\t\r\n\t\t\t\t\t\t\t\t<div class=\"w2dc-listings-block-content\">\r\n\t\t\t\t\t\t\t\t\t\t\t\t\t\t\t\t\t\t\t\t<article id=\"post-246\" class=\"w2dc-row w2dc-listing w2dc-listing-level-1 w2dc-listing-has-location-2536\">\r\n\t\t\t\t\t\t\t\t\t\t<div class=\"w2dc-listing-logo-wrap w2dc-anim-style\">\r\n\t\t\t\t\t\t<div class=\"w2dc-listing-logo w2dc-listings-own-page\">\r\n\t\t\t\t\t\t\t\t\t\t\t\t<header class=\"w2dc-listing-header\">\r\n\t\t\t\t\t\t\t\t\t\t<h2><a href=\"https:\/\/apweb.space\/Blog\/bierologie\/brasseries\/brasserie-caval\/\" title=\"Brasserie Caval\" >Brasserie Caval<\/a> <div class=\"w2dc-rating\" >\n\t\t\t<span class=\"w2dc-rating-avgvalue\">\n\t\t<span>5.0<\/span>\n\t<\/span>\n\t\t<div class=\"w2dc-rating-stars w2dc-rating-active \" data-listing=\"246\" data-nonce=\"f28d2c43d6\">\n\t\t<label class=\"w2dc-rating-icon w2dc-fa w2dc-fa-star\" for=\"star-rating-5-246\" data-rating=\"5\"><\/label>\n\t\t<label class=\"w2dc-rating-icon w2dc-fa w2dc-fa-star\" for=\"star-rating-4-246\" data-rating=\"4\"><\/label>\n\t\t<label class=\"w2dc-rating-icon w2dc-fa w2dc-fa-star\" for=\"star-rating-3-246\" data-rating=\"3\"><\/label>\n\t\t<label class=\"w2dc-rating-icon w2dc-fa w2dc-fa-star\" for=\"star-rating-2-246\" data-rating=\"2\"><\/label>\n\t\t<label class=\"w2dc-rating-icon w2dc-fa w2dc-fa-star\" for=\"star-rating-1-246\" data-rating=\"1\"><\/label>\n\t\t\t<\/div>\n<\/div><\/h2>\r\n\t\t\t\t\t\t\t\t\t\t\t\t\t\t<\/header>\t\t\t\t\t\t\t\t\r\n\t\t\t\t\t\t\t\t<a href=\"https:\/\/apweb.space\/Blog\/bierologie\/brasseries\/brasserie-caval\/\" class=\"w2dc-listing-logo-img-wrap\" >\r\n\t\t\t\t\t\t\t\t\t\t\t\t\t\t\t\t\t\t\t\t\t\t<div class=\"w2dc-listing-logo-img\" style=\"background-image: url('https:\/\/apweb.space\/Blog\/wp-content\/uploads\/2018\/11\/Brasserie-Caval.jpg');\">\r\n\t\t\t\t\t\t<img src=\"https:\/\/apweb.space\/Blog\/wp-content\/uploads\/2018\/11\/Brasserie-Caval.jpg\" alt=\"Brasserie Caval\" title=\"Brasserie Caval\" \/>\r\n\t\t\t\t\t<\/div>\r\n\t\t\t\t\t\t\t\t<\/a>\r\n\t\t\t\t\t\t\t\t\r\n\t\t\t\t\t\t\t\t\r\n\t\t\t\t\t\t\t\t<div class=\"w2dc-listing-logo-caption\">\r\n\t\t\t\t\t<div class=\"w2dc-listing-logo-caption-middle\">\r\n\t\t\t\t\t\t<ul class=\"w2dc-listing-logo-caption-options\">\r\n\t\t\t\t\t\t\t<li class=\"w2dc-listing-logo-caption-option\">\r\n\t\t\t\t\t\t\t\t<a href=\"https:\/\/apweb.space\/Blog\/bierologie\/brasseries\/brasserie-caval\/\"  tabindex=\"-1\">\r\n\t\t\t\t\t\t\t\t\t<span class=\"w2dc-glyphicon w2dc-glyphicon-play\" title=\"more info &gt;&gt;\"><\/span>\r\n\t\t\t\t\t\t\t\t<\/a>\r\n\t\t\t\t\t\t\t<\/li>\r\n\t\t\t\t\t\t\t\t\t\t\t\t\t\t<li class=\"w2dc-listing-logo-caption-option w2dc-listing-logo-caption-option-marker w2dc-display-none\">\r\n\t\t\t\t\t\t\t\t<a href=\"javascript:void(0);\" class=\"w2dc-show-on-map\" data-location-id=\"2536\" data-scroll-to-map=\"1\"  tabindex=\"-1\">\r\n\t\t\t\t\t\t\t\t\t<span class=\"w2dc-glyphicon w2dc-glyphicon-map-marker\" title=\"view on map\"><\/span>\r\n\t\t\t\t\t\t\t\t<\/a>\r\n\t\t\t\t\t\t\t<\/li>\r\n\t\t\t\t\t\t\t\t\t\t\t\t\t\t\t\t\t\t\t\t\t<li class=\"w2dc-listing-logo-caption-option\">\r\n\t\t\t\t\t\t\t\t<a href=\"https:\/\/apweb.space\/Blog\/bierologie\/brasseries\/brasserie-caval\/#comments-tab\"  tabindex=\"-1\">\r\n\t\t\t\t\t\t\t\t\t<span class=\"w2dc-glyphicon w2dc-glyphicon-comment\" title=\"0 replies\"><\/span>\r\n\t\t\t\t\t\t\t\t<\/a>\r\n\t\t\t\t\t\t\t<\/li>\r\n\t\t\t\t\t\t\t\t\t\t\t\t\t\t\t\t\t\t\t\t\t\t\t\t\t\t\t\t\t\t\t\t\t\t<\/ul>\r\n\t\t\t\t\t\t\t\t\t\t\t<\/div>\r\n\t\t\t\t<\/div>\r\n\t\t\t\t\t\t\t<\/div>\r\n\t\t<\/div>\r\n\t\t\r\n\t\t\r\n\t\t\r\n\t\t<div class=\"w2dc-listing-text-content-wrap\">\r\n\t\t\t\t\t\t\t\t\t\t\r\n\t\t\t\r\n\t\t\t<div class=\"w2dc-field w2dc-field-output-block w2dc-field-output-block-string w2dc-field-output-block-18\">\r\n\t\t<span class=\"w2dc-field-caption \">\r\n\t\t\t\t<span class=\"w2dc-field-icon w2dc-fa w2dc-fa-lg w2dc-fa-qq\"><\/span>\r\n\t\t\t\t\t\t<span class=\"w2dc-field-name\">Contact:<\/span>\r\n\t\t\t<\/span>\r\n\t\t<span class=\"w2dc-field-content\">\r\n\t\tRegis CAVAL\t<\/span>\r\n<\/div>\r\n<div class=\"w2dc-field w2dc-field-output-block w2dc-field-output-block-address w2dc-field-output-block-2\">\r\n\t\t<span class=\"w2dc-field-caption \">\r\n\t\t\t\t<span class=\"w2dc-field-icon w2dc-fa w2dc-fa-lg w2dc-fa-map-marker\"><\/span>\r\n\t\t\t\t\t\t<span class=\"w2dc-field-name\">Addresse:<\/span>\r\n\t\t\t<\/span>\r\n\t\t<span class=\"w2dc-field-content w2dc-field-addresses\">\r\n\t\t\t<address class=\"w2dc-location\" itemprop=\"address\" itemscope itemtype=\"http:\/\/schema.org\/PostalAddress\">\r\n\t\t\t<span class=\"w2dc-show-on-map\" data-location-id=\"2536\" data-coordinate-lat=\"49.392956\" data-coordinate-lng=\"0.296566\">\t\t\t<span itemprop=\"streetAddress\">Za Le Plateau LA FOSSERIE<\/span>, <span itemprop=\"postalCode\">14600<\/span> <span itemprop=\"addressLocality\">Ablon, Calvados, Normandie, France<\/span>\t\t\t\t\t\t\t\t\t<\/span>\t\t<\/address>\r\n\t\t<\/span>\r\n<\/div>\r\n<div class=\"w2dc-field w2dc-field-output-block w2dc-field-output-block-excerpt w2dc-field-output-block-1\">\r\n\t\t<span class=\"w2dc-field-content\">\r\n\t\tLivraison \u00e0 partir du 02\/11\nMarch\u00e9 alimentaire de Honfleur le Samedi\t<\/span>\r\n<\/div><div class=\"w2dc-field w2dc-field-output-block w2dc-field-output-block-phone w2dc-field-output-block-9\">\r\n\t\t<span class=\"w2dc-field-caption  w2dc-field-phone-caption\">\r\n\t\t\t\t<span class=\"w2dc-field-icon w2dc-fa w2dc-fa-lg w2dc-fa-mobile-phone\"><\/span>\r\n\t\t\t\t\t\t<span class=\"w2dc-field-name\">Portable:<\/span>\r\n\t\t\t<\/span>\r\n\t\t<span class=\"w2dc-field-content w2dc-field-phone-content\">\r\n\t\t\t\t<meta itemprop=\"telephone\" content=\"+33659911771\" \/>\r\n\t\t<a href=\"tel:+33659911771\">&#43;3&#51;&#54;&#53;99117&#55;1<\/a>\r\n\t\t\t<\/span>\r\n<\/div>\r\n<div class=\"w2dc-field w2dc-field-output-block w2dc-field-output-block-email w2dc-field-output-block-8\">\r\n\t<meta itemprop=\"email\" content=\"b&#114;a&#115;ser&#105;e&#99;&#97;val&#64;&#104;o&#116;&#109;&#97;il&#46;&#99;&#111;&#109;\" \/>\r\n\t\t<span class=\"w2dc-field-caption \">\r\n\t\t\t\t<span class=\"w2dc-field-icon w2dc-fa w2dc-fa-lg w2dc-fa-envelope-square\"><\/span>\r\n\t\t\t\t\t\t<span class=\"w2dc-field-name\">E-mail:<\/span>\r\n\t\t\t<\/span>\r\n\t\t<span class=\"w2dc-field-content\">\r\n\t\t<a href=\"mailto:b&#114;&#97;sser&#105;&#101;c&#97;&#118;a&#108;&#64;h&#111;&#116;m&#97;&#105;&#108;.c&#111;&#109;\">br&#97;&#115;&#115;eriec&#97;va&#108;&#64;&#104;o&#116;ma&#105;&#108;&#46;c&#111;&#109;<\/a>\r\n\t<\/span>\r\n<\/div>\r\n<div class=\"w2dc-field w2dc-field-output-block w2dc-field-output-block-checkbox w2dc-field-output-block-29\">\r\n\t\t<span class=\"w2dc-field-caption \">\r\n\t\t\t\t\t\t<span class=\"w2dc-field-name\">\u00c9v\u00e8nements:<\/span>\r\n\t\t\t<\/span>\r\n\t\t<ul class=\"w2dc-field-content w2dc-checkboxes-columns-3\">\r\n\t\t\t\t\t\t<li class=\"w2dc-field-checkbox-item-checked\">\r\n\t\t\t\t\t\t4\u00e8me F\u00eate de la bi\u00e8re artisanale normande\t\t<\/li>\r\n\t\t\t\t\t<\/ul>\r\n<\/div>\r\n<div class=\"w2dc-field w2dc-field-output-block w2dc-field-output-block-categories w2dc-field-output-block-4\">\r\n\t\t<span class=\"w2dc-field-content\">\r\n\t\t\t\t\t<a href=\"https:\/\/apweb.space\/Blog\/bierologie\/brasseries\/business-category\/brasserie\/\" rel=\"tag\"><span class=\"w2dc-label w2dc-label-primary w2dc-category-label\">Brasserie&nbsp;&nbsp;<span class=\"w2dc-glyphicon w2dc-glyphicon-tag\"><\/span><\/span><\/a>\r\n\t\t\t\t\t<a href=\"https:\/\/apweb.space\/Blog\/bierologie\/brasseries\/business-category\/covid-19\/\" rel=\"tag\"><span class=\"w2dc-label w2dc-label-primary w2dc-category-label\">Covid-19&nbsp;&nbsp;<span class=\"w2dc-glyphicon w2dc-glyphicon-tag\"><\/span><\/span><\/a>\r\n\t\t\t\t\t<a href=\"https:\/\/apweb.space\/Blog\/bierologie\/brasseries\/business-category\/vente-en-ligne\/livraison\/\" rel=\"tag\"><span class=\"w2dc-label w2dc-label-primary w2dc-category-label\">Livraison&nbsp;&nbsp;<span class=\"w2dc-glyphicon w2dc-glyphicon-tag\"><\/span><\/span><\/a>\r\n\t\t\t<\/span>\r\n<\/div>\r\n\r\n\t\t\t\t\t<\/div>\t\t\t\t\t\t\t\t\t\t\t<\/article>\r\n\t\t\t\t\t\t\t\t\t\t\t\t\t\t<\/div>\r\n\r\n\t\t\t\t\t\t\t\t\t\t\t\t\t\t\t\t\t\t\t\t\t\t<\/div>\r\n\t\t\t\t\t<\/div>\r\n\t\t   <\/p>\n","protected":false},"excerpt":{"rendered":"","protected":false},"author":1,"featured_media":0,"parent":222,"menu_order":15,"comment_status":"closed","ping_status":"closed","template":"page-templates\/full-width.php","meta":{"footnotes":""},"class_list":["post-2323","page","type-page","status-publish","hentry"],"yoast_head":"<!-- This site is optimized with the Yoast SEO plugin v27.3 - https:\/\/yoast.com\/product\/yoast-seo-wordpress\/ -->\n<title>Brasserie de Nouvelle-Aquitaine - APWeb Blog<\/title>\n<meta name=\"robots\" content=\"index, follow, max-snippet:-1, max-image-preview:large, max-video-preview:-1\" \/>\n<link rel=\"canonical\" href=\"https:\/\/apweb.space\/Blog\/bierologie\/brasseries-de-france\/brasserie-de-nouvelle-aquitaine\/\" \/>\n<meta property=\"og:locale\" content=\"fr_FR\" \/>\n<meta property=\"og:type\" content=\"article\" \/>\n<meta property=\"og:title\" content=\"Brasserie de Nouvelle-Aquitaine - APWeb Blog\" \/>\n<meta property=\"og:url\" content=\"https:\/\/apweb.space\/Blog\/bierologie\/brasseries-de-france\/brasserie-de-nouvelle-aquitaine\/\" \/>\n<meta property=\"og:site_name\" content=\"APWeb Blog\" \/>\n<meta property=\"article:modified_time\" content=\"2019-07-30T12:48:56+00:00\" \/>\n<meta name=\"twitter:card\" content=\"summary_large_image\" \/>\n<script type=\"application\/ld+json\" class=\"yoast-schema-graph\">{\"@context\":\"https:\\\/\\\/schema.org\",\"@graph\":[{\"@type\":\"WebPage\",\"@id\":\"https:\\\/\\\/apweb.space\\\/Blog\\\/bierologie\\\/brasseries-de-france\\\/brasserie-de-nouvelle-aquitaine\\\/\",\"url\":\"https:\\\/\\\/apweb.space\\\/Blog\\\/bierologie\\\/brasseries-de-france\\\/brasserie-de-nouvelle-aquitaine\\\/\",\"name\":\"Brasserie de Nouvelle-Aquitaine - APWeb Blog\",\"isPartOf\":{\"@id\":\"https:\\\/\\\/apweb.space\\\/Blog\\\/#website\"},\"datePublished\":\"2019-07-30T12:48:55+00:00\",\"dateModified\":\"2019-07-30T12:48:56+00:00\",\"breadcrumb\":{\"@id\":\"https:\\\/\\\/apweb.space\\\/Blog\\\/bierologie\\\/brasseries-de-france\\\/brasserie-de-nouvelle-aquitaine\\\/#breadcrumb\"},\"inLanguage\":\"fr-FR\",\"potentialAction\":[{\"@type\":\"ReadAction\",\"target\":[\"https:\\\/\\\/apweb.space\\\/Blog\\\/bierologie\\\/brasseries-de-france\\\/brasserie-de-nouvelle-aquitaine\\\/\"]}]},{\"@type\":\"BreadcrumbList\",\"@id\":\"https:\\\/\\\/apweb.space\\\/Blog\\\/bierologie\\\/brasseries-de-france\\\/brasserie-de-nouvelle-aquitaine\\\/#breadcrumb\",\"itemListElement\":[{\"@type\":\"ListItem\",\"position\":1,\"name\":\"Accueil\",\"item\":\"https:\\\/\\\/apweb.space\\\/Blog\\\/\"},{\"@type\":\"ListItem\",\"position\":2,\"name\":\"Bi\u00e9rologie\",\"item\":\"https:\\\/\\\/apweb.space\\\/Blog\\\/bierologie\\\/\"},{\"@type\":\"ListItem\",\"position\":3,\"name\":\"Brasseries de France\",\"item\":\"https:\\\/\\\/apweb.space\\\/Blog\\\/bierologie\\\/brasseries-de-france\\\/\"},{\"@type\":\"ListItem\",\"position\":4,\"name\":\"Brasserie de Nouvelle-Aquitaine\"}]},{\"@type\":\"WebSite\",\"@id\":\"https:\\\/\\\/apweb.space\\\/Blog\\\/#website\",\"url\":\"https:\\\/\\\/apweb.space\\\/Blog\\\/\",\"name\":\"APWeb Blog\",\"description\":\"\",\"potentialAction\":[{\"@type\":\"SearchAction\",\"target\":{\"@type\":\"EntryPoint\",\"urlTemplate\":\"https:\\\/\\\/apweb.space\\\/Blog\\\/?s={search_term_string}\"},\"query-input\":{\"@type\":\"PropertyValueSpecification\",\"valueRequired\":true,\"valueName\":\"search_term_string\"}}],\"inLanguage\":\"fr-FR\"}]}<\/script>\n<!-- \/ Yoast SEO plugin. -->","yoast_head_json":{"title":"Brasserie de Nouvelle-Aquitaine - APWeb Blog","robots":{"index":"index","follow":"follow","max-snippet":"max-snippet:-1","max-image-preview":"max-image-preview:large","max-video-preview":"max-video-preview:-1"},"canonical":"https:\/\/apweb.space\/Blog\/bierologie\/brasseries-de-france\/brasserie-de-nouvelle-aquitaine\/","og_locale":"fr_FR","og_type":"article","og_title":"Brasserie de Nouvelle-Aquitaine - APWeb Blog","og_url":"https:\/\/apweb.space\/Blog\/bierologie\/brasseries-de-france\/brasserie-de-nouvelle-aquitaine\/","og_site_name":"APWeb Blog","article_modified_time":"2019-07-30T12:48:56+00:00","twitter_card":"summary_large_image","schema":{"@context":"https:\/\/schema.org","@graph":[{"@type":"WebPage","@id":"https:\/\/apweb.space\/Blog\/bierologie\/brasseries-de-france\/brasserie-de-nouvelle-aquitaine\/","url":"https:\/\/apweb.space\/Blog\/bierologie\/brasseries-de-france\/brasserie-de-nouvelle-aquitaine\/","name":"Brasserie de Nouvelle-Aquitaine - APWeb Blog","isPartOf":{"@id":"https:\/\/apweb.space\/Blog\/#website"},"datePublished":"2019-07-30T12:48:55+00:00","dateModified":"2019-07-30T12:48:56+00:00","breadcrumb":{"@id":"https:\/\/apweb.space\/Blog\/bierologie\/brasseries-de-france\/brasserie-de-nouvelle-aquitaine\/#breadcrumb"},"inLanguage":"fr-FR","potentialAction":[{"@type":"ReadAction","target":["https:\/\/apweb.space\/Blog\/bierologie\/brasseries-de-france\/brasserie-de-nouvelle-aquitaine\/"]}]},{"@type":"BreadcrumbList","@id":"https:\/\/apweb.space\/Blog\/bierologie\/brasseries-de-france\/brasserie-de-nouvelle-aquitaine\/#breadcrumb","itemListElement":[{"@type":"ListItem","position":1,"name":"Accueil","item":"https:\/\/apweb.space\/Blog\/"},{"@type":"ListItem","position":2,"name":"Bi\u00e9rologie","item":"https:\/\/apweb.space\/Blog\/bierologie\/"},{"@type":"ListItem","position":3,"name":"Brasseries de France","item":"https:\/\/apweb.space\/Blog\/bierologie\/brasseries-de-france\/"},{"@type":"ListItem","position":4,"name":"Brasserie de Nouvelle-Aquitaine"}]},{"@type":"WebSite","@id":"https:\/\/apweb.space\/Blog\/#website","url":"https:\/\/apweb.space\/Blog\/","name":"APWeb Blog","description":"","potentialAction":[{"@type":"SearchAction","target":{"@type":"EntryPoint","urlTemplate":"https:\/\/apweb.space\/Blog\/?s={search_term_string}"},"query-input":{"@type":"PropertyValueSpecification","valueRequired":true,"valueName":"search_term_string"}}],"inLanguage":"fr-FR"}]}},"_links":{"self":[{"href":"https:\/\/apweb.space\/Blog\/wp-json\/wp\/v2\/pages\/2323","targetHints":{"allow":["GET"]}}],"collection":[{"href":"https:\/\/apweb.space\/Blog\/wp-json\/wp\/v2\/pages"}],"about":[{"href":"https:\/\/apweb.space\/Blog\/wp-json\/wp\/v2\/types\/page"}],"author":[{"embeddable":true,"href":"https:\/\/apweb.space\/Blog\/wp-json\/wp\/v2\/users\/1"}],"replies":[{"embeddable":true,"href":"https:\/\/apweb.space\/Blog\/wp-json\/wp\/v2\/comments?post=2323"}],"version-history":[{"count":1,"href":"https:\/\/apweb.space\/Blog\/wp-json\/wp\/v2\/pages\/2323\/revisions"}],"predecessor-version":[{"id":2324,"href":"https:\/\/apweb.space\/Blog\/wp-json\/wp\/v2\/pages\/2323\/revisions\/2324"}],"up":[{"embeddable":true,"href":"https:\/\/apweb.space\/Blog\/wp-json\/wp\/v2\/pages\/222"}],"wp:attachment":[{"href":"https:\/\/apweb.space\/Blog\/wp-json\/wp\/v2\/media?parent=2323"}],"curies":[{"name":"wp","href":"https:\/\/api.w.org\/{rel}","templated":true}]}}